{"id":660,"date":"2025-03-17T11:40:47","date_gmt":"2025-03-17T10:40:47","guid":{"rendered":"https:\/\/lesjardinsdecaderousse.fr\/?page_id=660"},"modified":"2026-05-02T17:45:28","modified_gmt":"2026-05-02T15:45:28","slug":"fete-du-printemps","status":"publish","type":"page","link":"https:\/\/lesjardinsdecaderousse.fr\/index.php\/fete-du-printemps\/","title":{"rendered":"\ud83c\udf31F\u00eate du printemps 2025 \ud83d\udc1d"},"content":{"rendered":"\n<p><strong>Vendredi 16&nbsp;mai<\/strong><\/p>\n\n\n\n<ul class=\"wp-block-list\">\n<li>21h30 &#8211; Astronomie : d\u00e9couverte des \u00e9toiles avec Jean-Yves Raymond (si le temps le permet)<\/li>\n<\/ul>\n\n\n\n<p><strong>Samedi 17 mai<\/strong><\/p>\n\n\n\n<ul class=\"wp-block-list\">\n<li>10h30 : Animations pour enfants, musique traditionnelle et danses proven\u00e7ales par Les Enfants d\u2019Arausio.<\/li>\n\n\n\n<li>Pique-nique tir\u00e9 du sac<\/li>\n\n\n\n<li>14h : activit\u00e9s cr\u00e9atives autour du jardin pour petits et grands <br>(bombes \u00e0 graines, d\u00e9couverte des l\u00e9gumes et des insectes)<\/li>\n\n\n\n<li>Soir : Repas partag\u00e9 musical, sc\u00e8ne ouverte* (musique, po\u00e9sie&#8230;). Apportez votre chaise <br>*tout le monde peut participer, sur inscription par mail (page <a href=\"https:\/\/lesjardinsdecaderousse.fr\/index.php\/contact\/\" data-type=\"page\" data-id=\"529\">contact<\/a>)<\/li>\n<\/ul>\n\n\n\n<p><strong>Dimanche 18&nbsp;mai<\/strong><\/p>\n\n\n\n<ul class=\"wp-block-list\">\n<li>8h30 : Balade d\u00e9couverte faune et flore, encadr\u00e9e par un intervenant de la Ligue de Protection des Oiseaux. La meilleure heure pour \u00e9couter et observer les oiseaux des champs !<\/li>\n\n\n\n<li>14h30 : \u00ab\u00a0L&rsquo;oiseau mille feuilles\u00a0\u00bb avec Jo\u00eblle Ricol<br>Animation artistique autour du\u00a0 pochoir et de l&#8217;empreinte. Utilisation des pigments et relev\u00e9s d&#8217;empreintes v\u00e9g\u00e9tales \u00e0 la cire pour cr\u00e9er des compositions originales. \u00c0 la port\u00e9e de tous !\u00a0 (Mat\u00e9riel fourni)<\/li>\n<\/ul>\n\n\n\n<figure class=\"wp-block-image\"><img decoding=\"async\" src=\"https:\/\/lh7-rt.googleusercontent.com\/docsz\/AD_4nXefh0c46vNkD1A4ypn04OKjqqYDYwVughOOXMDlnXVoBEw_2t0P04dKRlov3auQnxrClgq-1M9vfgE27f_d1qS1laImdiYuoRoNf5VA2r9RSZ-CpAAAJdKErJr9AoL47_3LkJjN?key=JmJmy8PsGsxPNVbCAr9JkT5i\" alt=\"\"\/><\/figure>\n","protected":false},"excerpt":{"rendered":"<p>Vendredi 16&nbsp;mai Samedi 17 mai Dimanche 18&nbsp;mai<\/p>\n","protected":false},"author":2,"featured_media":0,"parent":0,"menu_order":0,"comment_status":"closed","ping_status":"closed","template":"","meta":{"footnotes":""},"class_list":["post-660","page","type-page","status-publish","hentry"],"_links":{"self":[{"href":"https:\/\/lesjardinsdecaderousse.fr\/index.php\/wp-json\/wp\/v2\/pages\/660","targetHints":{"allow":["GET"]}}],"collection":[{"href":"https:\/\/lesjardinsdecaderousse.fr\/index.php\/wp-json\/wp\/v2\/pages"}],"about":[{"href":"https:\/\/lesjardinsdecaderousse.fr\/index.php\/wp-json\/wp\/v2\/types\/page"}],"author":[{"embeddable":true,"href":"https:\/\/lesjardinsdecaderousse.fr\/index.php\/wp-json\/wp\/v2\/users\/2"}],"replies":[{"embeddable":true,"href":"https:\/\/lesjardinsdecaderousse.fr\/index.php\/wp-json\/wp\/v2\/comments?post=660"}],"version-history":[{"count":9,"href":"https:\/\/lesjardinsdecaderousse.fr\/index.php\/wp-json\/wp\/v2\/pages\/660\/revisions"}],"predecessor-version":[{"id":697,"href":"https:\/\/lesjardinsdecaderousse.fr\/index.php\/wp-json\/wp\/v2\/pages\/660\/revisions\/697"}],"wp:attachment":[{"href":"https:\/\/lesjardinsdecaderousse.fr\/index.php\/wp-json\/wp\/v2\/media?parent=660"}],"curies":[{"name":"wp","href":"https:\/\/api.w.org\/{rel}","templated":true}]}}