{"id":551,"date":"2025-02-23T16:56:44","date_gmt":"2025-02-23T15:56:44","guid":{"rendered":"https:\/\/lesjardinsdecaderousse.fr\/?page_id=551"},"modified":"2025-02-23T17:27:19","modified_gmt":"2025-02-23T16:27:19","slug":"association","status":"publish","type":"page","link":"https:\/\/lesjardinsdecaderousse.fr\/index.php\/association\/","title":{"rendered":"L&rsquo;asso"},"content":{"rendered":"\n<p>L&rsquo;association des Jardins de Caderousse a vu le jour en 2023, lorsque l&rsquo;APEI d&rsquo;Orange a mis \u00e0 disposition de la municipalit\u00e9 de Caderousse une surface de 3000m\u00b2 de terre \u00e0 l&#8217;emplacement des anciens terrains de foot du Mas de l&rsquo;Esquirou.<br>La commune de Caderousse a investi dans la pr\u00e9paration des terrains et l&rsquo;installation du syst\u00e8me d&rsquo;irrigation des parcelles. L&rsquo;implication d&rsquo;\u00c9lise et Lilou, deux services civiques accueillies \u00e0 Caderousse, a permis \u00e0 l&rsquo;association de germer et prendre racine. <br>D\u00e8s 2024 une quinzaine de jardiniers ont pu cultiver leurs premiers l\u00e9gumes.<\/p>\n\n\n\n<p><br><\/p>\n","protected":false},"excerpt":{"rendered":"<p>L&rsquo;association des Jardins de Caderousse a vu le jour en 2023, lorsque l&rsquo;APEI d&rsquo;Orange a mis \u00e0 disposition de la municipalit\u00e9 de Caderousse une surface de 3000m\u00b2 de terre \u00e0 l&#8217;emplacement des anciens terrains de foot du Mas de l&rsquo;Esquirou.La commune de Caderousse a investi dans la pr\u00e9paration des terrains et l&rsquo;installation du syst\u00e8me d&rsquo;irrigation [&hellip;]<\/p>\n","protected":false},"author":2,"featured_media":0,"parent":0,"menu_order":0,"comment_status":"closed","ping_status":"closed","template":"","meta":{"footnotes":""},"class_list":["post-551","page","type-page","status-publish","hentry"],"_links":{"self":[{"href":"https:\/\/lesjardinsdecaderousse.fr\/index.php\/wp-json\/wp\/v2\/pages\/551","targetHints":{"allow":["GET"]}}],"collection":[{"href":"https:\/\/lesjardinsdecaderousse.fr\/index.php\/wp-json\/wp\/v2\/pages"}],"about":[{"href":"https:\/\/lesjardinsdecaderousse.fr\/index.php\/wp-json\/wp\/v2\/types\/page"}],"author":[{"embeddable":true,"href":"https:\/\/lesjardinsdecaderousse.fr\/index.php\/wp-json\/wp\/v2\/users\/2"}],"replies":[{"embeddable":true,"href":"https:\/\/lesjardinsdecaderousse.fr\/index.php\/wp-json\/wp\/v2\/comments?post=551"}],"version-history":[{"count":2,"href":"https:\/\/lesjardinsdecaderousse.fr\/index.php\/wp-json\/wp\/v2\/pages\/551\/revisions"}],"predecessor-version":[{"id":555,"href":"https:\/\/lesjardinsdecaderousse.fr\/index.php\/wp-json\/wp\/v2\/pages\/551\/revisions\/555"}],"wp:attachment":[{"href":"https:\/\/lesjardinsdecaderousse.fr\/index.php\/wp-json\/wp\/v2\/media?parent=551"}],"curies":[{"name":"wp","href":"https:\/\/api.w.org\/{rel}","templated":true}]}}