{"id":401,"date":"2025-02-22T16:47:01","date_gmt":"2025-02-22T15:47:01","guid":{"rendered":"https:\/\/lesjardinsdecaderousse.fr\/index.php\/comment-adherer\/"},"modified":"2026-05-02T17:44:00","modified_gmt":"2026-05-02T15:44:00","slug":"comment-adherer","status":"publish","type":"page","link":"https:\/\/lesjardinsdecaderousse.fr\/index.php\/comment-adherer\/","title":{"rendered":"Comment adh\u00e9rer"},"content":{"rendered":"\n<p>L&rsquo;adh\u00e9sion est de 20\u20ac par ann\u00e9e civile. Elle donne acc\u00e8s aux espaces communs des jardins ainsi qu&rsquo;aux activit\u00e9s et \u00e9v\u00e9nements organis\u00e9s par l&rsquo;association.<br>La location d&rsquo;une parcelle de 60m\u00b2 co\u00fbte 60\u20ac par an. Il est possible de louer une demi-parcelle avec un autre adh\u00e9rent ; dans ce cas les frais de locations peuvent \u00eatre partag\u00e9s entre les deux adh\u00e9rents.<\/p>\n\n\n\n<p>Pour adh\u00e9rer : <br>-> remplir le <a href=\"http:\/\/lesjardinsdecaderousse.fr\/wp-content\/uploads\/2026\/05\/Fiche-dAdhesion-2026.pdf\">formulaire d&rsquo;adh\u00e9sion<\/a><br>-> signer le <a href=\"http:\/\/lesjardinsdecaderousse.fr\/wp-content\/uploads\/2025\/02\/Reglement-fonctionnement-jardins-partages-Caderousse_2025.pdf\">r\u00e8glement int\u00e9rieur<\/a><br>-> effectuer le paiement (adh\u00e9sion simple ou adh\u00e9sion + location d&rsquo;une parcelle), en esp\u00e8ces ou par ch\u00e8que \u00e0 l&rsquo;ordre de l&rsquo;association \u00ab\u00a0Les Jardins de Caderousse\u00a0\u00bb<\/p>\n\n\n\n<p>Remettre le tout \u00e0 un membre du <a href=\"https:\/\/lesjardinsdecaderousse.fr\/index.php\/front_page\/bureau-2\/\" data-type=\"page\" data-id=\"329\">bureau de l&rsquo;association<\/a> des Jardins de Caderousse ou dans la bo\u00eete postale situ\u00e9e \u00e0 la mairie de Caderousse.<\/p>\n","protected":false},"excerpt":{"rendered":"<p>L&rsquo;adh\u00e9sion est de 20\u20ac par ann\u00e9e civile. Elle donne acc\u00e8s aux espaces communs des jardins ainsi qu&rsquo;aux activit\u00e9s et \u00e9v\u00e9nements organis\u00e9s par l&rsquo;association.La location d&rsquo;une parcelle de 60m\u00b2 co\u00fbte 60\u20ac par an. Il est possible de louer une demi-parcelle avec un autre adh\u00e9rent ; dans ce cas les frais de locations peuvent \u00eatre partag\u00e9s entre [&hellip;]<\/p>\n","protected":false},"author":2,"featured_media":0,"parent":0,"menu_order":0,"comment_status":"closed","ping_status":"closed","template":"","meta":{"footnotes":""},"class_list":["post-401","page","type-page","status-publish","hentry"],"_links":{"self":[{"href":"https:\/\/lesjardinsdecaderousse.fr\/index.php\/wp-json\/wp\/v2\/pages\/401","targetHints":{"allow":["GET"]}}],"collection":[{"href":"https:\/\/lesjardinsdecaderousse.fr\/index.php\/wp-json\/wp\/v2\/pages"}],"about":[{"href":"https:\/\/lesjardinsdecaderousse.fr\/index.php\/wp-json\/wp\/v2\/types\/page"}],"author":[{"embeddable":true,"href":"https:\/\/lesjardinsdecaderousse.fr\/index.php\/wp-json\/wp\/v2\/users\/2"}],"replies":[{"embeddable":true,"href":"https:\/\/lesjardinsdecaderousse.fr\/index.php\/wp-json\/wp\/v2\/comments?post=401"}],"version-history":[{"count":4,"href":"https:\/\/lesjardinsdecaderousse.fr\/index.php\/wp-json\/wp\/v2\/pages\/401\/revisions"}],"predecessor-version":[{"id":696,"href":"https:\/\/lesjardinsdecaderousse.fr\/index.php\/wp-json\/wp\/v2\/pages\/401\/revisions\/696"}],"wp:attachment":[{"href":"https:\/\/lesjardinsdecaderousse.fr\/index.php\/wp-json\/wp\/v2\/media?parent=401"}],"curies":[{"name":"wp","href":"https:\/\/api.w.org\/{rel}","templated":true}]}}