{"id":329,"date":"2025-02-22T15:32:59","date_gmt":"2025-02-22T14:32:59","guid":{"rendered":"https:\/\/lesjardinsdecaderousse.fr\/index.php\/bureau-2\/"},"modified":"2026-05-02T17:40:11","modified_gmt":"2026-05-02T15:40:11","slug":"bureau-2","status":"publish","type":"page","link":"https:\/\/lesjardinsdecaderousse.fr\/index.php\/front_page\/bureau-2\/","title":{"rendered":"Bureau"},"content":{"rendered":"<p><strong>Pr\u00e9sident<\/strong> : Didier Huet<br \/><strong>Vice-Pr\u00e9sident : <\/strong>Atanas Jovanov<strong><br \/>Tr\u00e9sori\u00e8re<\/strong> : Maryline Rogne<br \/><strong>Secr\u00e9taire<\/strong> : Viviane B\u00e9cart<br \/><strong>Communication<\/strong> : \u00c9lodie Poudevigne<br \/><strong>Membres actifs<\/strong> : Jean et Nadia<br \/><br \/><\/p>\n\n\n<p><\/p>\n\n\n\n<p><\/p>\n\n\n\n<p><\/p>\n","protected":false},"excerpt":{"rendered":"<p>Pr\u00e9sident : Didier HuetVice-Pr\u00e9sident : Atanas JovanovTr\u00e9sori\u00e8re : Maryline RogneSecr\u00e9taire : Viviane B\u00e9cartCommunication : \u00c9lodie PoudevigneMembres actifs : Jean et Nadia<\/p>\n","protected":false},"author":2,"featured_media":0,"parent":9,"menu_order":0,"comment_status":"closed","ping_status":"closed","template":"","meta":{"footnotes":""},"class_list":["post-329","page","type-page","status-publish","hentry"],"_links":{"self":[{"href":"https:\/\/lesjardinsdecaderousse.fr\/index.php\/wp-json\/wp\/v2\/pages\/329","targetHints":{"allow":["GET"]}}],"collection":[{"href":"https:\/\/lesjardinsdecaderousse.fr\/index.php\/wp-json\/wp\/v2\/pages"}],"about":[{"href":"https:\/\/lesjardinsdecaderousse.fr\/index.php\/wp-json\/wp\/v2\/types\/page"}],"author":[{"embeddable":true,"href":"https:\/\/lesjardinsdecaderousse.fr\/index.php\/wp-json\/wp\/v2\/users\/2"}],"replies":[{"embeddable":true,"href":"https:\/\/lesjardinsdecaderousse.fr\/index.php\/wp-json\/wp\/v2\/comments?post=329"}],"version-history":[{"count":17,"href":"https:\/\/lesjardinsdecaderousse.fr\/index.php\/wp-json\/wp\/v2\/pages\/329\/revisions"}],"predecessor-version":[{"id":693,"href":"https:\/\/lesjardinsdecaderousse.fr\/index.php\/wp-json\/wp\/v2\/pages\/329\/revisions\/693"}],"up":[{"embeddable":true,"href":"https:\/\/lesjardinsdecaderousse.fr\/index.php\/wp-json\/wp\/v2\/pages\/9"}],"wp:attachment":[{"href":"https:\/\/lesjardinsdecaderousse.fr\/index.php\/wp-json\/wp\/v2\/media?parent=329"}],"curies":[{"name":"wp","href":"https:\/\/api.w.org\/{rel}","templated":true}]}}